{"id":3524,"date":"2024-05-27T19:25:53","date_gmt":"2024-05-27T19:25:53","guid":{"rendered":"https:\/\/madryestate.be\/a-propos-de-nous\/"},"modified":"2024-10-11T11:27:44","modified_gmt":"2024-10-11T11:27:44","slug":"a-propos-de-nous","status":"publish","type":"page","link":"https:\/\/madryestate.be\/fr\/a-propos-de-nous\/","title":{"rendered":"A propos de nous"},"content":{"rendered":"\t\t<div data-elementor-type=\"wp-page\" data-elementor-id=\"3524\" class=\"elementor elementor-3524 elementor-773\" data-elementor-post-type=\"page\">\n\t\t\t\t<div class=\"elementor-element elementor-element-7edd0ba e-flex e-con-boxed e-con e-parent\" data-id=\"7edd0ba\" data-element_type=\"container\" data-e-type=\"container\">\n\t\t\t\t\t<div class=\"e-con-inner\">\n\t\t<div class=\"elementor-element elementor-element-39f14e9 e-con-full e-flex e-con e-child\" data-id=\"39f14e9\" data-element_type=\"container\" data-e-type=\"container\">\n\t\t\t\t<div class=\"elementor-element elementor-element-f9d5001 elementor-widget elementor-widget-heading\" data-id=\"f9d5001\" data-element_type=\"widget\" data-e-type=\"widget\" data-widget_type=\"heading.default\">\n\t\t\t\t<div class=\"elementor-widget-container\">\n\t\t\t\t\t<h1 class=\"elementor-heading-title elementor-size-default\">A propos de nous<\/h1>\t\t\t\t<\/div>\n\t\t\t\t<\/div>\n\t\t\t\t<div class=\"elementor-element elementor-element-c10c212 elementor-widget elementor-widget-text-editor\" data-id=\"c10c212\" data-element_type=\"widget\" data-e-type=\"widget\" data-widget_type=\"text-editor.default\">\n\t\t\t\t<div class=\"elementor-widget-container\">\n\t\t\t\t\t\t\t\t\t<p>Bienvenue chez Madry, votre partenaire fiable en mati\u00e8re d&rsquo;immobilier dans la belle ville de Knokke et au-del\u00e0. Nous sommes une \u00e9quipe de professionnels passionn\u00e9s qui se consacrent \u00e0 la r\u00e9alisation de vos r\u00eaves immobiliers, qu&rsquo;il s&rsquo;agisse de trouver la maison de vos r\u00eaves, des opportunit\u00e9s d&rsquo;investissement ou de vendre votre propri\u00e9t\u00e9. <\/p><p><br><\/p>\n<p><\/p>\n<p>Nous mettons l&rsquo;accent sur une communication r\u00e9guli\u00e8re, une disponibilit\u00e9 constante et une grande ouverture d&rsquo;esprit. L&rsquo;achat ou la vente d&rsquo;un bien immobilier est un moment crucial pour toutes les parties concern\u00e9es. C&rsquo;est pourquoi nous accordons une grande importance \u00e0 l&rsquo;accompagnement de nos clients \u00e0 chaque \u00e9tape du processus. En offrant tous nos services en interne, allant des conseils juridiques et financiers \u00e0 l&rsquo;\u00e9laboration d&rsquo;une strat\u00e9gie marketing compl\u00e8te et \u00e0 la r\u00e9alisation de s\u00e9ances photos professionnelles, nous nous effor\u00e7ons d&rsquo;\u00eatre \u00e9troitement associ\u00e9s \u00e0 nos clients.   <\/p>\t\t\t\t\t\t\t\t<\/div>\n\t\t\t\t<\/div>\n\t\t<div class=\"elementor-element elementor-element-e0dfcfc e-con-full e-flex e-con e-child\" data-id=\"e0dfcfc\" data-element_type=\"container\" data-e-type=\"container\">\n\t\t\t\t<div class=\"elementor-element elementor-element-0360a70 dce_masking-none elementor-widget elementor-widget-image\" data-id=\"0360a70\" data-element_type=\"widget\" data-e-type=\"widget\" data-widget_type=\"image.default\">\n\t\t\t\t<div class=\"elementor-widget-container\">\n\t\t\t\t\t\t\t\t\t\t\t\t\t\t\t<img fetchpriority=\"high\" decoding=\"async\" width=\"352\" height=\"450\" src=\"https:\/\/madryestate.be\/wp-content\/uploads\/2024\/07\/MADRYREALESTATE\u00a9CharlotteLauwersPhotography6-3.png\" class=\"attachment-large size-large wp-image-1650\" alt=\"\" srcset=\"https:\/\/madryestate.be\/wp-content\/uploads\/2024\/07\/MADRYREALESTATE\u00a9CharlotteLauwersPhotography6-3.png 352w, https:\/\/madryestate.be\/wp-content\/uploads\/2024\/07\/MADRYREALESTATE\u00a9CharlotteLauwersPhotography6-3-235x300.png 235w\" sizes=\"(max-width: 352px) 100vw, 352px\" \/>\t\t\t\t\t\t\t\t\t\t\t\t\t\t\t<\/div>\n\t\t\t\t<\/div>\n\t\t<div class=\"elementor-element elementor-element-4390780 e-con-full e-flex e-con e-child\" data-id=\"4390780\" data-element_type=\"container\" data-e-type=\"container\">\n\t\t\t\t<div class=\"elementor-element elementor-element-c3e083a elementor-widget elementor-widget-text-editor\" data-id=\"c3e083a\" data-element_type=\"widget\" data-e-type=\"widget\" data-widget_type=\"text-editor.default\">\n\t\t\t\t<div class=\"elementor-widget-container\">\n\t\t\t\t\t\t\t\t\t<p>S\u00e9bastien madry<\/p>\n\t\t\t\t\t\t\t\t<\/div>\n\t\t\t\t<\/div>\n\t\t\t\t<div class=\"elementor-element elementor-element-7f2e5f5 elementor-widget elementor-widget-text-editor\" data-id=\"7f2e5f5\" data-element_type=\"widget\" data-e-type=\"widget\" data-widget_type=\"text-editor.default\">\n\t\t\t\t<div class=\"elementor-widget-container\">\n\t\t\t\t\t\t\t\t\t<p>Fondateur<\/p>\n\t\t\t\t\t\t\t\t<\/div>\n\t\t\t\t<\/div>\n\t\t\t\t<div class=\"elementor-element elementor-element-e78c97c elementor-widget elementor-widget-text-editor\" data-id=\"e78c97c\" data-element_type=\"widget\" data-e-type=\"widget\" data-widget_type=\"text-editor.default\">\n\t\t\t\t<div class=\"elementor-widget-container\">\n\t\t\t\t\t\t\t\t\t<p><a href=\"tel:+3247-754-4250\">+32 (0)477 54 42 50<\/a><\/p>\n<p><a href=\"mailto:info@madryestate.be\">info@madryestate.be<\/a><\/p>\n\t\t\t\t\t\t\t\t<\/div>\n\t\t\t\t<\/div>\n\t\t\t\t<div class=\"elementor-element elementor-element-f6b017c dce_masking-none elementor-widget elementor-widget-image\" data-id=\"f6b017c\" data-element_type=\"widget\" data-e-type=\"widget\" data-widget_type=\"image.default\">\n\t\t\t\t<div class=\"elementor-widget-container\">\n\t\t\t\t\t\t\t\t\t\t\t\t\t\t\t<img decoding=\"async\" width=\"1\" height=\"1\" src=\"https:\/\/madryestate.be\/wp-content\/uploads\/2024\/04\/Group-99.svg\" class=\"attachment-large size-large wp-image-322\" alt=\"\" \/>\t\t\t\t\t\t\t\t\t\t\t\t\t\t\t<\/div>\n\t\t\t\t<\/div>\n\t\t\t\t<\/div>\n\t\t\t\t<\/div>\n\t\t\t\t<\/div>\n\t\t<div class=\"elementor-element elementor-element-83f5f9b e-flex e-con-boxed e-con e-child\" data-id=\"83f5f9b\" data-element_type=\"container\" data-e-type=\"container\">\n\t\t\t\t\t<div class=\"e-con-inner\">\n\t\t\t\t<div class=\"elementor-element elementor-element-c96a198 dce_masking-none elementor-widget elementor-widget-image\" data-id=\"c96a198\" data-element_type=\"widget\" data-e-type=\"widget\" data-widget_type=\"image.default\">\n\t\t\t\t<div class=\"elementor-widget-container\">\n\t\t\t\t\t\t\t\t\t\t\t\t\t\t\t<img decoding=\"async\" width=\"612\" height=\"512\" src=\"https:\/\/madryestate.be\/wp-content\/uploads\/2024\/07\/Layer_18.svg\" class=\"attachment-large size-large wp-image-1716\" alt=\"\" \/>\t\t\t\t\t\t\t\t\t\t\t\t\t\t\t<\/div>\n\t\t\t\t<\/div>\n\t\t\t\t\t<\/div>\n\t\t\t\t<\/div>\n\t\t\t\t\t<\/div>\n\t\t\t\t<\/div>\n\t\t<div class=\"elementor-element elementor-element-7d4b9d8 e-flex e-con-boxed e-con e-parent\" data-id=\"7d4b9d8\" data-element_type=\"container\" data-e-type=\"container\">\n\t\t\t\t\t<div class=\"e-con-inner\">\n\t\t\t\t<div class=\"elementor-element elementor-element-98faf28 elementor-widget elementor-widget-heading\" data-id=\"98faf28\" data-element_type=\"widget\" data-e-type=\"widget\" data-widget_type=\"heading.default\">\n\t\t\t\t<div class=\"elementor-widget-container\">\n\t\t\t\t\t<h2 class=\"elementor-heading-title elementor-size-default\">Vous souhaitez rejoindre notre \u00e9quipe ?<\/h2>\t\t\t\t<\/div>\n\t\t\t\t<\/div>\n\t\t\t\t<div class=\"elementor-element elementor-element-4d9cebf elementor-align-center elementor-widget elementor-widget-button\" data-id=\"4d9cebf\" data-element_type=\"widget\" data-e-type=\"widget\" data-widget_type=\"button.default\">\n\t\t\t\t<div class=\"elementor-widget-container\">\n\t\t\t\t\t\t\t\t\t<div class=\"elementor-button-wrapper\">\n\t\t\t\t\t<a class=\"elementor-button elementor-button-link elementor-size-sm\" href=\"https:\/\/madryestate.be\/fr\/emplois\/\">\n\t\t\t\t\t\t<span class=\"elementor-button-content-wrapper\">\n\t\t\t\t\t\t\t\t\t<span class=\"elementor-button-text\">Voir nos offres d'emploi<\/span>\n\t\t\t\t\t<\/span>\n\t\t\t\t\t<\/a>\n\t\t\t\t<\/div>\n\t\t\t\t\t\t\t\t<\/div>\n\t\t\t\t<\/div>\n\t\t\t\t\t<\/div>\n\t\t\t\t<\/div>\n\t\t<div class=\"elementor-element elementor-element-e639f2a elementor-hidden-desktop elementor-hidden-tablet elementor-hidden-mobile e-flex e-con-boxed e-con e-parent\" data-id=\"e639f2a\" data-element_type=\"container\" data-e-type=\"container\">\n\t\t\t\t\t<div class=\"e-con-inner\">\n\t\t<div class=\"elementor-element elementor-element-ea99b5d e-con-full elementor-hidden-desktop elementor-hidden-tablet elementor-hidden-mobile e-flex e-con e-child\" data-id=\"ea99b5d\" data-element_type=\"container\" data-e-type=\"container\">\n\t\t\t\t<div class=\"elementor-element elementor-element-dac943d dce_masking-none elementor-widget elementor-widget-image\" data-id=\"dac943d\" data-element_type=\"widget\" data-e-type=\"widget\" data-widget_type=\"image.default\">\n\t\t\t\t<div class=\"elementor-widget-container\">\n\t\t\t\t\t\t\t\t\t\t\t\t\t\t\t<img loading=\"lazy\" decoding=\"async\" width=\"484\" height=\"658\" src=\"https:\/\/madryestate.be\/wp-content\/uploads\/2024\/07\/driehoeksplein2_bistre-1.png\" class=\"attachment-large size-large wp-image-1718\" alt=\"\" srcset=\"https:\/\/madryestate.be\/wp-content\/uploads\/2024\/07\/driehoeksplein2_bistre-1.png 484w, https:\/\/madryestate.be\/wp-content\/uploads\/2024\/07\/driehoeksplein2_bistre-1-221x300.png 221w\" sizes=\"(max-width: 484px) 100vw, 484px\" \/>\t\t\t\t\t\t\t\t\t\t\t\t\t\t\t<\/div>\n\t\t\t\t<\/div>\n\t\t\t\t<\/div>\n\t\t<div class=\"elementor-element elementor-element-589e5be e-con-full e-flex e-con e-child\" data-id=\"589e5be\" data-element_type=\"container\" data-e-type=\"container\">\n\t\t\t\t<div class=\"elementor-element elementor-element-fd7b491 elementor-widget elementor-widget-text-editor\" data-id=\"fd7b491\" data-element_type=\"widget\" data-e-type=\"widget\" data-widget_type=\"text-editor.default\">\n\t\t\t\t<div class=\"elementor-widget-container\">\n\t\t\t\t\t\t\t\t\t<p>Lorem ipsum dolor sit amet, consectetur adipiscing elit, sed do eiusmod tempor incididunt ut labore et dolore magna aliqua. Ut enim ad minim veniam, quis nostrud exercitation ullamco laboris nisi ut aliquip ex ea commodo consequat. Duis aute irure dolor in reprehenderit in voluptate velit esse cillum dolore eu fugiat nulla pariatur. Excepteur sint occaecat cupidatat non proident, sunt in culpa qui officia deserunt mollit anim id est laborum.   <\/p>\n<\/p>\n<p>Lorem ipsum dolor sit amet, consectetur adipiscing elit, sed do eiusmod tempor incididunt ut labore et dolore magna aliqua. Ut enim ad minim veniam, quis nostrud exercitation ullamco laboris nisi ut aliquip ex ea commodo consequat <\/p>\n\t\t\t\t\t\t\t\t<\/div>\n\t\t\t\t<\/div>\n\t\t\t\t<\/div>\n\t\t\t\t\t<\/div>\n\t\t\t\t<\/div>\n\t\t\t\t<\/div>\n\t\t","protected":false},"excerpt":{"rendered":"<p>A propos de nous Bienvenue chez Madry, votre partenaire fiable en mati\u00e8re d&rsquo;immobilier dans la belle ville de Knokke et au-del\u00e0. Nous sommes une \u00e9quipe de professionnels passionn\u00e9s qui se consacrent \u00e0 la r\u00e9alisation de vos r\u00eaves immobiliers, qu&rsquo;il s&rsquo;agisse de trouver la maison de vos r\u00eaves, des opportunit\u00e9s d&rsquo;investissement ou de vendre votre propri\u00e9t\u00e9. [&hellip;]<\/p>\n","protected":false},"author":3,"featured_media":0,"parent":0,"menu_order":0,"comment_status":"closed","ping_status":"closed","template":"","meta":{"_acf_changed":false,"footnotes":""},"class_list":["post-3524","page","type-page","status-publish","hentry"],"acf":[],"yoast_head":"<!-- This site is optimized with the Yoast SEO plugin v24.3 - https:\/\/yoast.com\/wordpress\/plugins\/seo\/ -->\n<title>A propos de nous - madry<\/title>\n<meta name=\"robots\" content=\"index, follow, max-snippet:-1, max-image-preview:large, max-video-preview:-1\" \/>\n<link rel=\"canonical\" href=\"https:\/\/madryestate.be\/fr\/a-propos-de-nous\/\" \/>\n<meta property=\"og:locale\" content=\"fr_FR\" \/>\n<meta property=\"og:type\" content=\"article\" \/>\n<meta property=\"og:title\" content=\"A propos de nous - madry\" \/>\n<meta property=\"og:description\" content=\"A propos de nous Bienvenue chez Madry, votre partenaire fiable en mati\u00e8re d&rsquo;immobilier dans la belle ville de Knokke et au-del\u00e0. Nous sommes une \u00e9quipe de professionnels passionn\u00e9s qui se consacrent \u00e0 la r\u00e9alisation de vos r\u00eaves immobiliers, qu&rsquo;il s&rsquo;agisse de trouver la maison de vos r\u00eaves, des opportunit\u00e9s d&rsquo;investissement ou de vendre votre propri\u00e9t\u00e9. [&hellip;]\" \/>\n<meta property=\"og:url\" content=\"https:\/\/madryestate.be\/fr\/a-propos-de-nous\/\" \/>\n<meta property=\"og:site_name\" content=\"madry\" \/>\n<meta property=\"article:publisher\" content=\"https:\/\/www.facebook.com\/RealEstateMadry\" \/>\n<meta property=\"article:modified_time\" content=\"2024-10-11T11:27:44+00:00\" \/>\n<meta property=\"og:image\" content=\"https:\/\/madryestate.be\/wp-content\/uploads\/2024\/04\/Group-99.svg\" \/>\n<meta name=\"twitter:card\" content=\"summary_large_image\" \/>\n<meta name=\"twitter:label1\" content=\"Dur\u00e9e de lecture estim\u00e9e\" \/>\n\t<meta name=\"twitter:data1\" content=\"3 minutes\" \/>\n<script type=\"application\/ld+json\" class=\"yoast-schema-graph\">{\"@context\":\"https:\/\/schema.org\",\"@graph\":[{\"@type\":\"WebPage\",\"@id\":\"https:\/\/madryestate.be\/fr\/a-propos-de-nous\/\",\"url\":\"https:\/\/madryestate.be\/fr\/a-propos-de-nous\/\",\"name\":\"A propos de nous - madry\",\"isPartOf\":{\"@id\":\"https:\/\/madryestate.be\/fr\/#website\"},\"primaryImageOfPage\":{\"@id\":\"https:\/\/madryestate.be\/fr\/a-propos-de-nous\/#primaryimage\"},\"image\":{\"@id\":\"https:\/\/madryestate.be\/fr\/a-propos-de-nous\/#primaryimage\"},\"thumbnailUrl\":\"https:\/\/madryestate.be\/wp-content\/uploads\/2024\/04\/Group-99.svg\",\"datePublished\":\"2024-05-27T19:25:53+00:00\",\"dateModified\":\"2024-10-11T11:27:44+00:00\",\"breadcrumb\":{\"@id\":\"https:\/\/madryestate.be\/fr\/a-propos-de-nous\/#breadcrumb\"},\"inLanguage\":\"fr-FR\",\"potentialAction\":[{\"@type\":\"ReadAction\",\"target\":[\"https:\/\/madryestate.be\/fr\/a-propos-de-nous\/\"]}]},{\"@type\":\"ImageObject\",\"inLanguage\":\"fr-FR\",\"@id\":\"https:\/\/madryestate.be\/fr\/a-propos-de-nous\/#primaryimage\",\"url\":\"https:\/\/madryestate.be\/wp-content\/uploads\/2024\/04\/Group-99.svg\",\"contentUrl\":\"https:\/\/madryestate.be\/wp-content\/uploads\/2024\/04\/Group-99.svg\"},{\"@type\":\"BreadcrumbList\",\"@id\":\"https:\/\/madryestate.be\/fr\/a-propos-de-nous\/#breadcrumb\",\"itemListElement\":[{\"@type\":\"ListItem\",\"position\":1,\"name\":\"Home\",\"item\":\"https:\/\/madryestate.be\/fr\/\"},{\"@type\":\"ListItem\",\"position\":2,\"name\":\"A propos de nous\"}]},{\"@type\":\"WebSite\",\"@id\":\"https:\/\/madryestate.be\/fr\/#website\",\"url\":\"https:\/\/madryestate.be\/fr\/\",\"name\":\"madry\",\"description\":\"\",\"publisher\":{\"@id\":\"https:\/\/madryestate.be\/fr\/#organization\"},\"potentialAction\":[{\"@type\":\"SearchAction\",\"target\":{\"@type\":\"EntryPoint\",\"urlTemplate\":\"https:\/\/madryestate.be\/fr\/?s={search_term_string}\"},\"query-input\":{\"@type\":\"PropertyValueSpecification\",\"valueRequired\":true,\"valueName\":\"search_term_string\"}}],\"inLanguage\":\"fr-FR\"},{\"@type\":\"Organization\",\"@id\":\"https:\/\/madryestate.be\/fr\/#organization\",\"name\":\"madry\",\"url\":\"https:\/\/madryestate.be\/fr\/\",\"logo\":{\"@type\":\"ImageObject\",\"inLanguage\":\"fr-FR\",\"@id\":\"https:\/\/madryestate.be\/fr\/#\/schema\/logo\/image\/\",\"url\":\"https:\/\/madryestate.be\/wp-content\/uploads\/2024\/03\/logo-madry.svg\",\"contentUrl\":\"https:\/\/madryestate.be\/wp-content\/uploads\/2024\/03\/logo-madry.svg\",\"width\":941,\"height\":266,\"caption\":\"madry\"},\"image\":{\"@id\":\"https:\/\/madryestate.be\/fr\/#\/schema\/logo\/image\/\"},\"sameAs\":[\"https:\/\/www.facebook.com\/RealEstateMadry\",\"https:\/\/www.instagram.com\/madryrealestate\/\"]}]}<\/script>\n<!-- \/ Yoast SEO plugin. -->","yoast_head_json":{"title":"A propos de nous - madry","robots":{"index":"index","follow":"follow","max-snippet":"max-snippet:-1","max-image-preview":"max-image-preview:large","max-video-preview":"max-video-preview:-1"},"canonical":"https:\/\/madryestate.be\/fr\/a-propos-de-nous\/","og_locale":"fr_FR","og_type":"article","og_title":"A propos de nous - madry","og_description":"A propos de nous Bienvenue chez Madry, votre partenaire fiable en mati\u00e8re d&rsquo;immobilier dans la belle ville de Knokke et au-del\u00e0. Nous sommes une \u00e9quipe de professionnels passionn\u00e9s qui se consacrent \u00e0 la r\u00e9alisation de vos r\u00eaves immobiliers, qu&rsquo;il s&rsquo;agisse de trouver la maison de vos r\u00eaves, des opportunit\u00e9s d&rsquo;investissement ou de vendre votre propri\u00e9t\u00e9. [&hellip;]","og_url":"https:\/\/madryestate.be\/fr\/a-propos-de-nous\/","og_site_name":"madry","article_publisher":"https:\/\/www.facebook.com\/RealEstateMadry","article_modified_time":"2024-10-11T11:27:44+00:00","og_image":[{"url":"https:\/\/madryestate.be\/wp-content\/uploads\/2024\/04\/Group-99.svg","type":"","width":"","height":""}],"twitter_card":"summary_large_image","twitter_misc":{"Dur\u00e9e de lecture estim\u00e9e":"3 minutes"},"schema":{"@context":"https:\/\/schema.org","@graph":[{"@type":"WebPage","@id":"https:\/\/madryestate.be\/fr\/a-propos-de-nous\/","url":"https:\/\/madryestate.be\/fr\/a-propos-de-nous\/","name":"A propos de nous - madry","isPartOf":{"@id":"https:\/\/madryestate.be\/fr\/#website"},"primaryImageOfPage":{"@id":"https:\/\/madryestate.be\/fr\/a-propos-de-nous\/#primaryimage"},"image":{"@id":"https:\/\/madryestate.be\/fr\/a-propos-de-nous\/#primaryimage"},"thumbnailUrl":"https:\/\/madryestate.be\/wp-content\/uploads\/2024\/04\/Group-99.svg","datePublished":"2024-05-27T19:25:53+00:00","dateModified":"2024-10-11T11:27:44+00:00","breadcrumb":{"@id":"https:\/\/madryestate.be\/fr\/a-propos-de-nous\/#breadcrumb"},"inLanguage":"fr-FR","potentialAction":[{"@type":"ReadAction","target":["https:\/\/madryestate.be\/fr\/a-propos-de-nous\/"]}]},{"@type":"ImageObject","inLanguage":"fr-FR","@id":"https:\/\/madryestate.be\/fr\/a-propos-de-nous\/#primaryimage","url":"https:\/\/madryestate.be\/wp-content\/uploads\/2024\/04\/Group-99.svg","contentUrl":"https:\/\/madryestate.be\/wp-content\/uploads\/2024\/04\/Group-99.svg"},{"@type":"BreadcrumbList","@id":"https:\/\/madryestate.be\/fr\/a-propos-de-nous\/#breadcrumb","itemListElement":[{"@type":"ListItem","position":1,"name":"Home","item":"https:\/\/madryestate.be\/fr\/"},{"@type":"ListItem","position":2,"name":"A propos de nous"}]},{"@type":"WebSite","@id":"https:\/\/madryestate.be\/fr\/#website","url":"https:\/\/madryestate.be\/fr\/","name":"madry","description":"","publisher":{"@id":"https:\/\/madryestate.be\/fr\/#organization"},"potentialAction":[{"@type":"SearchAction","target":{"@type":"EntryPoint","urlTemplate":"https:\/\/madryestate.be\/fr\/?s={search_term_string}"},"query-input":{"@type":"PropertyValueSpecification","valueRequired":true,"valueName":"search_term_string"}}],"inLanguage":"fr-FR"},{"@type":"Organization","@id":"https:\/\/madryestate.be\/fr\/#organization","name":"madry","url":"https:\/\/madryestate.be\/fr\/","logo":{"@type":"ImageObject","inLanguage":"fr-FR","@id":"https:\/\/madryestate.be\/fr\/#\/schema\/logo\/image\/","url":"https:\/\/madryestate.be\/wp-content\/uploads\/2024\/03\/logo-madry.svg","contentUrl":"https:\/\/madryestate.be\/wp-content\/uploads\/2024\/03\/logo-madry.svg","width":941,"height":266,"caption":"madry"},"image":{"@id":"https:\/\/madryestate.be\/fr\/#\/schema\/logo\/image\/"},"sameAs":["https:\/\/www.facebook.com\/RealEstateMadry","https:\/\/www.instagram.com\/madryrealestate\/"]}]}},"_links":{"self":[{"href":"https:\/\/madryestate.be\/fr\/wp-json\/wp\/v2\/pages\/3524","targetHints":{"allow":["GET"]}}],"collection":[{"href":"https:\/\/madryestate.be\/fr\/wp-json\/wp\/v2\/pages"}],"about":[{"href":"https:\/\/madryestate.be\/fr\/wp-json\/wp\/v2\/types\/page"}],"author":[{"embeddable":true,"href":"https:\/\/madryestate.be\/fr\/wp-json\/wp\/v2\/users\/3"}],"replies":[{"embeddable":true,"href":"https:\/\/madryestate.be\/fr\/wp-json\/wp\/v2\/comments?post=3524"}],"version-history":[{"count":4,"href":"https:\/\/madryestate.be\/fr\/wp-json\/wp\/v2\/pages\/3524\/revisions"}],"predecessor-version":[{"id":3636,"href":"https:\/\/madryestate.be\/fr\/wp-json\/wp\/v2\/pages\/3524\/revisions\/3636"}],"wp:attachment":[{"href":"https:\/\/madryestate.be\/fr\/wp-json\/wp\/v2\/media?parent=3524"}],"curies":[{"name":"wp","href":"https:\/\/api.w.org\/{rel}","templated":true}]}}